{"id":397,"date":"2024-08-27T11:08:05","date_gmt":"2024-08-27T09:08:05","guid":{"rendered":"https:\/\/kultur.nu\/?page_id=397"},"modified":"2024-08-27T11:15:40","modified_gmt":"2024-08-27T09:15:40","slug":"dmca","status":"publish","type":"page","link":"https:\/\/kultur.nu\/en\/dmca\/","title":{"rendered":"DMCA"},"content":{"rendered":"<h1>DMCA-policy f\u00f6r Kultur.nu<\/h1>\n<p>V\u00e4lkommen till DMCA-sidan f\u00f6r <a href=\"https:\/\/kultur.nu\/en\/\">Kultur<\/a>.nu. Vi \u00e4r engagerade i att skydda och respektera upphovsr\u00e4ttsskyddat material och uppmuntrar alla v\u00e5ra anv\u00e4ndare att g\u00f6ra detsamma. Denna sida f\u00f6rklarar v\u00e5r policy f\u00f6r hantering av p\u00e5st\u00e5enden om upphovsr\u00e4ttsintr\u00e5ng enligt best\u00e4mmelserna i USA:s Digital Millennium Copyright Act (DMCA).<\/p>\n<h3>Vad \u00e4r DMCA?<\/h3>\n<p>Digital Millennium Copyright Act (DMCA) \u00e4r en federal lag i USA som ger upphovsr\u00e4ttsinnehavare juridiska medel f\u00f6r att skydda sina verk p\u00e5 internet. Lagen omfattar mekanismer f\u00f6r att adressera och motverka upphovsr\u00e4ttsintr\u00e5ng online.<\/p>\n<h3>V\u00e5r \u00e5tagande<\/h3>\n<p>P\u00e5 Kultur.nu str\u00e4var vi efter att st\u00f6dja och fr\u00e4mja en kultur av respekt f\u00f6r upphovsr\u00e4tt. Vi tar ansvar f\u00f6r att se till att inneh\u00e5ll som strider mot upphovsr\u00e4ttslagar inte finns tillg\u00e4ngligt p\u00e5 v\u00e5r plattform. V\u00e5r process f\u00f6r att hantera DMCA-klagom\u00e5l \u00e4r utformad f\u00f6r att vara snabb och r\u00e4ttvis, f\u00f6r att skydda b\u00e5de upphovsr\u00e4ttsinnehavare och anv\u00e4ndares r\u00e4ttigheter.<\/p>\n<h3>Hur man rapporterar upphovsr\u00e4ttsintr\u00e5ng<\/h3>\n<p>Om du tror att ditt upphovsr\u00e4ttsskyddade verk har kopierats p\u00e5 ett s\u00e4tt som utg\u00f6r upphovsr\u00e4ttsintr\u00e5ng och detta material finns p\u00e5 Kultur.nu, kan du skicka ett meddelande till v\u00e5r upphovsr\u00e4ttsagent. F\u00f6r att ditt klagom\u00e5l ska behandlas m\u00e5ste f\u00f6ljande information inkluderas i ditt meddelande:<\/p>\n<ol>\n<li><strong>En fysisk eller elektronisk signatur av personen som \u00e4r bemyndigad att agera p\u00e5 uppdrag av innehavaren av en exklusiv r\u00e4tt som p\u00e5st\u00e5s vara kr\u00e4nkt.<\/strong><\/li>\n<li><strong>Identifikation av det upphovsr\u00e4ttsskyddade verk som p\u00e5st\u00e5s ha kr\u00e4nkts.<\/strong><\/li>\n<li><strong>Identifiering av det material som p\u00e5st\u00e5s utg\u00f6ra intr\u00e5nget och som ska tas bort eller vars \u00e5tkomst ska inaktiveras, samt information som \u00e4r tillr\u00e4cklig f\u00f6r att Kultur.nu ska kunna lokalisera materialet.<\/strong><\/li>\n<li><strong>Tillr\u00e4cklig information f\u00f6r att vi ska kunna kontakta dig, s\u00e5som adress, telefonnummer och, om tillg\u00e4ngligt, en e-postadress.<\/strong><\/li>\n<li><strong>Ett uttalande om att du har en god tro att anv\u00e4ndningen av materialet p\u00e5 det klagade s\u00e4ttet inte \u00e4r auktoriserat av upphovsr\u00e4ttsinnehavaren, dess agent eller lagen.<\/strong><\/li>\n<li><strong>Ett uttalande om att informationen i anm\u00e4lan \u00e4r korrekt, och under straff av mened, att du \u00e4r bemyndigad att agera p\u00e5 uppdrag av innehavaren av en exklusiv r\u00e4tt som p\u00e5st\u00e5s vara kr\u00e4nkt.<\/strong><\/li>\n<\/ol>\n<h3>Motanm\u00e4lan f\u00f6r att bestrida ett krav p\u00e5 upphovsr\u00e4ttsintr\u00e5ng<\/h3>\n<p>Om du som anv\u00e4ndare av Kultur.nu mottar ett meddelande om att ditt material har tagits bort p\u00e5 grund av misst\u00e4nkt upphovsr\u00e4ttsintr\u00e5ng och du tror att detta \u00e4r ett misstag, har du r\u00e4tt att skicka en motanm\u00e4lan. En motanm\u00e4lan m\u00e5ste inneh\u00e5lla f\u00f6ljande:<\/p>\n<ol>\n<li><strong>Din fysiska eller elektroniska signatur.<\/strong><\/li>\n<li><strong>Identifiering av det material som har tagits bort eller till vilket \u00e5tkomsten har inaktiverats.<\/strong><\/li>\n<li><strong>En f\u00f6rklaring till varf\u00f6r du tror att materialet togs bort av misstag eller felaktig identifiering.<\/strong><\/li>\n<li><strong>Dina kontaktuppgifter, inklusive adress och telefonnummer.<\/strong><\/li>\n<li><strong>Ett uttalande om att du godk\u00e4nner domstolens jurisdiktion i den federala domstolen f\u00f6r den jurisdiktion d\u00e4r din adress \u00e4r bel\u00e4gen, eller om din adress \u00e4r utanf\u00f6r USA, f\u00f6r varje jurisdiktion d\u00e4r Kultur.nu kan hittas.<\/strong><\/li>\n<\/ol>\n<p>Alla DMCA-meddelanden och motanm\u00e4lningar ska skickas till oss via formul\u00e4ret p\u00e5 <a href=\"https:\/\/kultur.nu\/en\/kontakta-oss\/\">kontaktsidan<\/a>.<\/p>\n<p>P\u00e5 Kultur.nu \u00e4r det v\u00e5r prioritet att skydda b\u00e5de upphovsr\u00e4ttsinnehavarnas r\u00e4ttigheter och v\u00e5ra anv\u00e4ndares friheter. Vi tror att en \u00f6ppen dialog och r\u00e4ttvisa processer bidrar till en rik och dynamisk kulturell milj\u00f6. Tack f\u00f6r att du respekterar v\u00e5ra riktlinjer och hj\u00e4lper oss att skapa en s\u00e4ker och inspirerande plats f\u00f6r kulturintresserade \u00f6ver hela v\u00e4rlden.<\/p>","protected":false},"excerpt":{"rendered":"<p>DMCA-policy f\u00f6r Kultur.nu V\u00e4lkommen till DMCA-sidan f\u00f6r Kultur.nu. Vi \u00e4r engagerade i att skydda och&hellip;<\/p>","protected":false},"author":1,"featured_media":0,"parent":0,"menu_order":0,"comment_status":"closed","ping_status":"closed","template":"","meta":{"_yoast_wpseo_focuskw":"","_yoast_wpseo_title":"","_yoast_wpseo_metadesc":"","_yoast_wpseo_meta-robots-noindex":"","_yoast_wpseo_meta-robots-nofollow":"","_yoast_wpseo_canonical":"","_yoast_wpseo_opengraph-title":"","_yoast_wpseo_opengraph-description":"","_yoast_wpseo_twitter-title":"","_yoast_wpseo_twitter-description":"","footnotes":"","rank_math_description":"","rank_math_focus_keyword":"","rank_math_title":"","rank_math_canonical_url":"","rank_math_robots":"","rank_math_facebook_title":"","rank_math_facebook_description":"","rank_math_twitter_title":"","rank_math_twitter_description":""},"class_list":["post-397","page","type-page","status-publish","hentry"],"yoast_head":"<!-- This site is optimized with the Yoast SEO plugin v27.5 - https:\/\/yoast.com\/product\/yoast-seo-wordpress\/ -->\n<title>DMCA - Kultur i Sverige<\/title>\n<meta name=\"robots\" content=\"index, follow, max-snippet:-1, max-image-preview:large, max-video-preview:-1\" \/>\n<link rel=\"canonical\" href=\"https:\/\/kultur.nu\/en\/dmca\/\" \/>\n<meta property=\"og:locale\" content=\"en_US\" \/>\n<meta property=\"og:type\" content=\"article\" \/>\n<meta property=\"og:title\" content=\"DMCA - Kultur i Sverige\" \/>\n<meta property=\"og:description\" content=\"DMCA-policy f\u00f6r Kultur.nu V\u00e4lkommen till DMCA-sidan f\u00f6r Kultur.nu. Vi \u00e4r engagerade i att skydda och&hellip;\" \/>\n<meta property=\"og:url\" content=\"https:\/\/kultur.nu\/en\/dmca\/\" \/>\n<meta property=\"og:site_name\" content=\"Kultur i Sverige\" \/>\n<meta property=\"article:modified_time\" content=\"2024-08-27T09:15:40+00:00\" \/>\n<meta name=\"twitter:card\" content=\"summary_large_image\" \/>\n<meta name=\"twitter:label1\" content=\"Est. reading time\" \/>\n\t<meta name=\"twitter:data1\" content=\"3 minutes\" \/>\n<script type=\"application\/ld+json\" class=\"yoast-schema-graph\">{\"@context\":\"https:\\\/\\\/schema.org\",\"@graph\":[{\"@type\":\"WebPage\",\"@id\":\"https:\\\/\\\/kultur.nu\\\/dmca\\\/\",\"url\":\"https:\\\/\\\/kultur.nu\\\/dmca\\\/\",\"name\":\"DMCA - Kultur i Sverige\",\"isPartOf\":{\"@id\":\"https:\\\/\\\/kultur.nu\\\/#website\"},\"datePublished\":\"2024-08-27T09:08:05+00:00\",\"dateModified\":\"2024-08-27T09:15:40+00:00\",\"breadcrumb\":{\"@id\":\"https:\\\/\\\/kultur.nu\\\/dmca\\\/#breadcrumb\"},\"inLanguage\":\"en-US\",\"potentialAction\":[{\"@type\":\"ReadAction\",\"target\":[\"https:\\\/\\\/kultur.nu\\\/dmca\\\/\"]}]},{\"@type\":\"BreadcrumbList\",\"@id\":\"https:\\\/\\\/kultur.nu\\\/dmca\\\/#breadcrumb\",\"itemListElement\":[{\"@type\":\"ListItem\",\"position\":1,\"name\":\"Hem\",\"item\":\"https:\\\/\\\/kultur.nu\\\/\"},{\"@type\":\"ListItem\",\"position\":2,\"name\":\"DMCA\"}]},{\"@type\":\"WebSite\",\"@id\":\"https:\\\/\\\/kultur.nu\\\/#website\",\"url\":\"https:\\\/\\\/kultur.nu\\\/\",\"name\":\"Kultur i Sverige\",\"description\":\"\",\"publisher\":{\"@id\":\"https:\\\/\\\/kultur.nu\\\/#organization\"},\"potentialAction\":[{\"@type\":\"SearchAction\",\"target\":{\"@type\":\"EntryPoint\",\"urlTemplate\":\"https:\\\/\\\/kultur.nu\\\/?s={search_term_string}\"},\"query-input\":{\"@type\":\"PropertyValueSpecification\",\"valueRequired\":true,\"valueName\":\"search_term_string\"}}],\"inLanguage\":\"en-US\"},{\"@type\":\"Organization\",\"@id\":\"https:\\\/\\\/kultur.nu\\\/#organization\",\"name\":\"Kultur i Sverige\",\"url\":\"https:\\\/\\\/kultur.nu\\\/\",\"logo\":{\"@type\":\"ImageObject\",\"inLanguage\":\"en-US\",\"@id\":\"https:\\\/\\\/kultur.nu\\\/#\\\/schema\\\/logo\\\/image\\\/\",\"url\":\"https:\\\/\\\/kultur.nu\\\/wp-content\\\/uploads\\\/2025\\\/10\\\/cropped-Kultur.nu-logo.webp\",\"contentUrl\":\"https:\\\/\\\/kultur.nu\\\/wp-content\\\/uploads\\\/2025\\\/10\\\/cropped-Kultur.nu-logo.webp\",\"width\":510,\"height\":95,\"caption\":\"Kultur i Sverige\"},\"image\":{\"@id\":\"https:\\\/\\\/kultur.nu\\\/#\\\/schema\\\/logo\\\/image\\\/\"}}]}<\/script>\n<!-- \/ Yoast SEO plugin. -->","yoast_head_json":{"title":"DMCA - Kultur i Sverige","robots":{"index":"index","follow":"follow","max-snippet":"max-snippet:-1","max-image-preview":"max-image-preview:large","max-video-preview":"max-video-preview:-1"},"canonical":"https:\/\/kultur.nu\/en\/dmca\/","og_locale":"en_US","og_type":"article","og_title":"DMCA - Kultur i Sverige","og_description":"DMCA-policy f\u00f6r Kultur.nu V\u00e4lkommen till DMCA-sidan f\u00f6r Kultur.nu. Vi \u00e4r engagerade i att skydda och&hellip;","og_url":"https:\/\/kultur.nu\/en\/dmca\/","og_site_name":"Kultur i Sverige","article_modified_time":"2024-08-27T09:15:40+00:00","twitter_card":"summary_large_image","twitter_misc":{"Est. reading time":"3 minutes"},"schema":{"@context":"https:\/\/schema.org","@graph":[{"@type":"WebPage","@id":"https:\/\/kultur.nu\/dmca\/","url":"https:\/\/kultur.nu\/dmca\/","name":"DMCA - Kultur i Sverige","isPartOf":{"@id":"https:\/\/kultur.nu\/#website"},"datePublished":"2024-08-27T09:08:05+00:00","dateModified":"2024-08-27T09:15:40+00:00","breadcrumb":{"@id":"https:\/\/kultur.nu\/dmca\/#breadcrumb"},"inLanguage":"en-US","potentialAction":[{"@type":"ReadAction","target":["https:\/\/kultur.nu\/dmca\/"]}]},{"@type":"BreadcrumbList","@id":"https:\/\/kultur.nu\/dmca\/#breadcrumb","itemListElement":[{"@type":"ListItem","position":1,"name":"Hem","item":"https:\/\/kultur.nu\/"},{"@type":"ListItem","position":2,"name":"DMCA"}]},{"@type":"WebSite","@id":"https:\/\/kultur.nu\/#website","url":"https:\/\/kultur.nu\/","name":"Kultur i Sverige","description":"","publisher":{"@id":"https:\/\/kultur.nu\/#organization"},"potentialAction":[{"@type":"SearchAction","target":{"@type":"EntryPoint","urlTemplate":"https:\/\/kultur.nu\/?s={search_term_string}"},"query-input":{"@type":"PropertyValueSpecification","valueRequired":true,"valueName":"search_term_string"}}],"inLanguage":"en-US"},{"@type":"Organization","@id":"https:\/\/kultur.nu\/#organization","name":"Kultur i Sverige","url":"https:\/\/kultur.nu\/","logo":{"@type":"ImageObject","inLanguage":"en-US","@id":"https:\/\/kultur.nu\/#\/schema\/logo\/image\/","url":"https:\/\/kultur.nu\/wp-content\/uploads\/2025\/10\/cropped-Kultur.nu-logo.webp","contentUrl":"https:\/\/kultur.nu\/wp-content\/uploads\/2025\/10\/cropped-Kultur.nu-logo.webp","width":510,"height":95,"caption":"Kultur i Sverige"},"image":{"@id":"https:\/\/kultur.nu\/#\/schema\/logo\/image\/"}}]}},"_links":{"self":[{"href":"https:\/\/kultur.nu\/en\/wp-json\/wp\/v2\/pages\/397","targetHints":{"allow":["GET"]}}],"collection":[{"href":"https:\/\/kultur.nu\/en\/wp-json\/wp\/v2\/pages"}],"about":[{"href":"https:\/\/kultur.nu\/en\/wp-json\/wp\/v2\/types\/page"}],"author":[{"embeddable":true,"href":"https:\/\/kultur.nu\/en\/wp-json\/wp\/v2\/users\/1"}],"replies":[{"embeddable":true,"href":"https:\/\/kultur.nu\/en\/wp-json\/wp\/v2\/comments?post=397"}],"version-history":[{"count":1,"href":"https:\/\/kultur.nu\/en\/wp-json\/wp\/v2\/pages\/397\/revisions"}],"predecessor-version":[{"id":398,"href":"https:\/\/kultur.nu\/en\/wp-json\/wp\/v2\/pages\/397\/revisions\/398"}],"wp:attachment":[{"href":"https:\/\/kultur.nu\/en\/wp-json\/wp\/v2\/media?parent=397"}],"curies":[{"name":"wp","href":"https:\/\/api.w.org\/{rel}","templated":true}]}}