{"id":404,"date":"2024-08-27T11:16:51","date_gmt":"2024-08-27T09:16:51","guid":{"rendered":"https:\/\/kultur.nu\/?page_id=404"},"modified":"2024-08-27T11:16:51","modified_gmt":"2024-08-27T09:16:51","slug":"cookiepolicy","status":"publish","type":"page","link":"https:\/\/kultur.nu\/en\/cookiepolicy\/","title":{"rendered":"Cookiepolicy"},"content":{"rendered":"<h1>Cookiespolicy f\u00f6r Kultur.nu<\/h1>\n<p>P\u00e5 <a href=\"https:\/\/kultur.nu\/en\/\">Kultur<\/a>.nu anv\u00e4nder vi cookies f\u00f6r att f\u00f6rb\u00e4ttra din upplevelse p\u00e5 v\u00e5r webbplats. Denna policy f\u00f6rklarar vad cookies \u00e4r, hur vi anv\u00e4nder dem och hur du kan hantera ditt samtycke till dem.<\/p>\n<h3>Vad \u00e4r cookies?<\/h3>\n<p>Cookies \u00e4r sm\u00e5 textfiler som placeras p\u00e5 din enhet (dator, mobiltelefon, surfplatta etc.) n\u00e4r du bes\u00f6ker webbplatser. De anv\u00e4nds f\u00f6r att g\u00f6ra webbplatser mer effektiva, samt f\u00f6r att tillhandah\u00e5lla information till webbplatsens \u00e4gare.<\/p>\n<h3>Hur anv\u00e4nder Kultur.nu cookies?<\/h3>\n<p><strong>1. N\u00f6dv\u00e4ndiga cookies:<\/strong> Dessa cookies \u00e4r avg\u00f6rande f\u00f6r att du ska kunna navigera p\u00e5 webbplatsen och anv\u00e4nda dess funktioner, som att komma \u00e5t s\u00e4kra omr\u00e5den p\u00e5 webbplatsen. Utan dessa cookies kan tj\u00e4nster du har bett om, som betalningssidor och inloggningar, inte tillhandah\u00e5llas.<\/p>\n<p><strong>2. Prestandacookies:<\/strong> Dessa cookies samlar information om hur bes\u00f6kare anv\u00e4nder en webbplats, till exempel vilka sidor bes\u00f6karna g\u00e5r till mest och om de f\u00e5r felmeddelanden fr\u00e5n webbsidor. Dessa cookies samlar inte information som identifierar en bes\u00f6kare. All information som dessa cookies samlar in \u00e4r aggregerad och d\u00e4rf\u00f6r anonym. Den anv\u00e4nds endast f\u00f6r att f\u00f6rb\u00e4ttra hur en webbplats fungerar.<\/p>\n<p><strong>3. Funktionalitetscookies:<\/strong> Dessa cookies till\u00e5ter webbplatsen att komma ih\u00e5g val du g\u00f6r (som ditt anv\u00e4ndarnamn, spr\u00e5k eller den region du befinner dig i) och erbjuder f\u00f6rb\u00e4ttrade, mer personliga funktioner. Till exempel kan en webbplats tillhandah\u00e5lla dig lokala v\u00e4derprognoser eller trafiknyheter genom att lagra data om din nuvarande plats.<\/p>\n<p><strong>4. Riktade eller annonseringscookies:<\/strong> Dessa cookies anv\u00e4nds f\u00f6r att leverera annonser mer relevanta f\u00f6r dig och dina intressen. De anv\u00e4nds ocks\u00e5 f\u00f6r att begr\u00e4nsa antalet g\u00e5nger du ser en annons samt f\u00f6r att hj\u00e4lpa till att m\u00e4ta effektiviteten i en annonskampanj.<\/p>\n<h3>Ditt samtycke till cookies<\/h3>\n<p>N\u00e4r du bes\u00f6ker Kultur.nu kommer du att informeras om v\u00e5r anv\u00e4ndning av cookies och f\u00e5 m\u00f6jlighet att acceptera eller anpassa ditt samtycke till dem. Du kan n\u00e4r som helst \u00e4ndra dina cookie-inst\u00e4llningar genom att uppdatera dina preferenser p\u00e5 v\u00e5r cookiehanteringssida.<\/p>\n<h3>Hur man hanterar och tar bort cookies<\/h3>\n<p>Du kan v\u00e4lja att acceptera eller avvisa cookies genom att \u00e4ndra inst\u00e4llningarna i din webbl\u00e4sare. De flesta webbl\u00e4sare till\u00e5ter dig ocks\u00e5 att hantera cookies genom att blockera eller radera dem. F\u00f6r att f\u00e5 mer information om hur du hanterar och raderar cookies, bes\u00f6k &#8221;help&#8221; eller motsvarande avsnitt i din webbl\u00e4sare.<\/p>\n<p>Observera att om du v\u00e4ljer att blockera cookies kan detta p\u00e5verka eller f\u00f6rhindra hur v\u00e4l v\u00e5ra tj\u00e4nster fungerar f\u00f6r dig.<\/p>\n<h3>Mer information<\/h3>\n<p>F\u00f6r ytterligare information om v\u00e5r hantering av personuppgifter, bes\u00f6k v\u00e5r <a href=\"https:\/\/kultur.nu\/en\/integritetspolicy\/\">Integritetspolicy<\/a>.<\/p>\n<p>Tack f\u00f6r att du bes\u00f6ker Kultur.nu. Vi \u00e4r engagerade i att tillhandah\u00e5lla en rik och tillfredsst\u00e4llande digital upplevelse och v\u00e4rdes\u00e4tter ditt engagemang i v\u00e5r gemenskap.<\/p>","protected":false},"excerpt":{"rendered":"<p>Cookiespolicy f\u00f6r Kultur.nu P\u00e5 Kultur.nu anv\u00e4nder vi cookies f\u00f6r att f\u00f6rb\u00e4ttra din upplevelse p\u00e5 v\u00e5r&hellip;<\/p>","protected":false},"author":1,"featured_media":0,"parent":0,"menu_order":0,"comment_status":"closed","ping_status":"closed","template":"","meta":{"_yoast_wpseo_focuskw":"","_yoast_wpseo_title":"","_yoast_wpseo_metadesc":"","_yoast_wpseo_meta-robots-noindex":"","_yoast_wpseo_meta-robots-nofollow":"","_yoast_wpseo_canonical":"","_yoast_wpseo_opengraph-title":"","_yoast_wpseo_opengraph-description":"","_yoast_wpseo_twitter-title":"","_yoast_wpseo_twitter-description":"","footnotes":"","rank_math_description":"","rank_math_focus_keyword":"","rank_math_title":"","rank_math_canonical_url":"","rank_math_robots":"","rank_math_facebook_title":"","rank_math_facebook_description":"","rank_math_twitter_title":"","rank_math_twitter_description":""},"class_list":["post-404","page","type-page","status-publish","hentry"],"yoast_head":"<!-- This site is optimized with the Yoast SEO plugin v27.5 - https:\/\/yoast.com\/product\/yoast-seo-wordpress\/ -->\n<title>Cookiepolicy - Kultur i Sverige<\/title>\n<meta name=\"robots\" content=\"index, follow, max-snippet:-1, max-image-preview:large, max-video-preview:-1\" \/>\n<link rel=\"canonical\" href=\"https:\/\/kultur.nu\/en\/cookiepolicy\/\" \/>\n<meta property=\"og:locale\" content=\"en_US\" \/>\n<meta property=\"og:type\" content=\"article\" \/>\n<meta property=\"og:title\" content=\"Cookiepolicy - Kultur i Sverige\" \/>\n<meta property=\"og:description\" content=\"Cookiespolicy f\u00f6r Kultur.nu P\u00e5 Kultur.nu anv\u00e4nder vi cookies f\u00f6r att f\u00f6rb\u00e4ttra din upplevelse p\u00e5 v\u00e5r&hellip;\" \/>\n<meta property=\"og:url\" content=\"https:\/\/kultur.nu\/en\/cookiepolicy\/\" \/>\n<meta property=\"og:site_name\" content=\"Kultur i Sverige\" \/>\n<meta name=\"twitter:card\" content=\"summary_large_image\" \/>\n<meta name=\"twitter:label1\" content=\"Est. reading time\" \/>\n\t<meta name=\"twitter:data1\" content=\"3 minutes\" \/>\n<script type=\"application\/ld+json\" class=\"yoast-schema-graph\">{\"@context\":\"https:\\\/\\\/schema.org\",\"@graph\":[{\"@type\":\"WebPage\",\"@id\":\"https:\\\/\\\/kultur.nu\\\/cookiepolicy\\\/\",\"url\":\"https:\\\/\\\/kultur.nu\\\/cookiepolicy\\\/\",\"name\":\"Cookiepolicy - Kultur i Sverige\",\"isPartOf\":{\"@id\":\"https:\\\/\\\/kultur.nu\\\/#website\"},\"datePublished\":\"2024-08-27T09:16:51+00:00\",\"breadcrumb\":{\"@id\":\"https:\\\/\\\/kultur.nu\\\/cookiepolicy\\\/#breadcrumb\"},\"inLanguage\":\"en-US\",\"potentialAction\":[{\"@type\":\"ReadAction\",\"target\":[\"https:\\\/\\\/kultur.nu\\\/cookiepolicy\\\/\"]}]},{\"@type\":\"BreadcrumbList\",\"@id\":\"https:\\\/\\\/kultur.nu\\\/cookiepolicy\\\/#breadcrumb\",\"itemListElement\":[{\"@type\":\"ListItem\",\"position\":1,\"name\":\"Hem\",\"item\":\"https:\\\/\\\/kultur.nu\\\/\"},{\"@type\":\"ListItem\",\"position\":2,\"name\":\"Cookiepolicy\"}]},{\"@type\":\"WebSite\",\"@id\":\"https:\\\/\\\/kultur.nu\\\/#website\",\"url\":\"https:\\\/\\\/kultur.nu\\\/\",\"name\":\"Kultur i Sverige\",\"description\":\"\",\"publisher\":{\"@id\":\"https:\\\/\\\/kultur.nu\\\/#organization\"},\"potentialAction\":[{\"@type\":\"SearchAction\",\"target\":{\"@type\":\"EntryPoint\",\"urlTemplate\":\"https:\\\/\\\/kultur.nu\\\/?s={search_term_string}\"},\"query-input\":{\"@type\":\"PropertyValueSpecification\",\"valueRequired\":true,\"valueName\":\"search_term_string\"}}],\"inLanguage\":\"en-US\"},{\"@type\":\"Organization\",\"@id\":\"https:\\\/\\\/kultur.nu\\\/#organization\",\"name\":\"Kultur i Sverige\",\"url\":\"https:\\\/\\\/kultur.nu\\\/\",\"logo\":{\"@type\":\"ImageObject\",\"inLanguage\":\"en-US\",\"@id\":\"https:\\\/\\\/kultur.nu\\\/#\\\/schema\\\/logo\\\/image\\\/\",\"url\":\"https:\\\/\\\/kultur.nu\\\/wp-content\\\/uploads\\\/2025\\\/10\\\/cropped-Kultur.nu-logo.webp\",\"contentUrl\":\"https:\\\/\\\/kultur.nu\\\/wp-content\\\/uploads\\\/2025\\\/10\\\/cropped-Kultur.nu-logo.webp\",\"width\":510,\"height\":95,\"caption\":\"Kultur i Sverige\"},\"image\":{\"@id\":\"https:\\\/\\\/kultur.nu\\\/#\\\/schema\\\/logo\\\/image\\\/\"}}]}<\/script>\n<!-- \/ Yoast SEO plugin. -->","yoast_head_json":{"title":"Cookiepolicy - Kultur i Sverige","robots":{"index":"index","follow":"follow","max-snippet":"max-snippet:-1","max-image-preview":"max-image-preview:large","max-video-preview":"max-video-preview:-1"},"canonical":"https:\/\/kultur.nu\/en\/cookiepolicy\/","og_locale":"en_US","og_type":"article","og_title":"Cookiepolicy - Kultur i Sverige","og_description":"Cookiespolicy f\u00f6r Kultur.nu P\u00e5 Kultur.nu anv\u00e4nder vi cookies f\u00f6r att f\u00f6rb\u00e4ttra din upplevelse p\u00e5 v\u00e5r&hellip;","og_url":"https:\/\/kultur.nu\/en\/cookiepolicy\/","og_site_name":"Kultur i Sverige","twitter_card":"summary_large_image","twitter_misc":{"Est. reading time":"3 minutes"},"schema":{"@context":"https:\/\/schema.org","@graph":[{"@type":"WebPage","@id":"https:\/\/kultur.nu\/cookiepolicy\/","url":"https:\/\/kultur.nu\/cookiepolicy\/","name":"Cookiepolicy - Kultur i Sverige","isPartOf":{"@id":"https:\/\/kultur.nu\/#website"},"datePublished":"2024-08-27T09:16:51+00:00","breadcrumb":{"@id":"https:\/\/kultur.nu\/cookiepolicy\/#breadcrumb"},"inLanguage":"en-US","potentialAction":[{"@type":"ReadAction","target":["https:\/\/kultur.nu\/cookiepolicy\/"]}]},{"@type":"BreadcrumbList","@id":"https:\/\/kultur.nu\/cookiepolicy\/#breadcrumb","itemListElement":[{"@type":"ListItem","position":1,"name":"Hem","item":"https:\/\/kultur.nu\/"},{"@type":"ListItem","position":2,"name":"Cookiepolicy"}]},{"@type":"WebSite","@id":"https:\/\/kultur.nu\/#website","url":"https:\/\/kultur.nu\/","name":"Kultur i Sverige","description":"","publisher":{"@id":"https:\/\/kultur.nu\/#organization"},"potentialAction":[{"@type":"SearchAction","target":{"@type":"EntryPoint","urlTemplate":"https:\/\/kultur.nu\/?s={search_term_string}"},"query-input":{"@type":"PropertyValueSpecification","valueRequired":true,"valueName":"search_term_string"}}],"inLanguage":"en-US"},{"@type":"Organization","@id":"https:\/\/kultur.nu\/#organization","name":"Kultur i Sverige","url":"https:\/\/kultur.nu\/","logo":{"@type":"ImageObject","inLanguage":"en-US","@id":"https:\/\/kultur.nu\/#\/schema\/logo\/image\/","url":"https:\/\/kultur.nu\/wp-content\/uploads\/2025\/10\/cropped-Kultur.nu-logo.webp","contentUrl":"https:\/\/kultur.nu\/wp-content\/uploads\/2025\/10\/cropped-Kultur.nu-logo.webp","width":510,"height":95,"caption":"Kultur i Sverige"},"image":{"@id":"https:\/\/kultur.nu\/#\/schema\/logo\/image\/"}}]}},"_links":{"self":[{"href":"https:\/\/kultur.nu\/en\/wp-json\/wp\/v2\/pages\/404","targetHints":{"allow":["GET"]}}],"collection":[{"href":"https:\/\/kultur.nu\/en\/wp-json\/wp\/v2\/pages"}],"about":[{"href":"https:\/\/kultur.nu\/en\/wp-json\/wp\/v2\/types\/page"}],"author":[{"embeddable":true,"href":"https:\/\/kultur.nu\/en\/wp-json\/wp\/v2\/users\/1"}],"replies":[{"embeddable":true,"href":"https:\/\/kultur.nu\/en\/wp-json\/wp\/v2\/comments?post=404"}],"version-history":[{"count":1,"href":"https:\/\/kultur.nu\/en\/wp-json\/wp\/v2\/pages\/404\/revisions"}],"predecessor-version":[{"id":408,"href":"https:\/\/kultur.nu\/en\/wp-json\/wp\/v2\/pages\/404\/revisions\/408"}],"wp:attachment":[{"href":"https:\/\/kultur.nu\/en\/wp-json\/wp\/v2\/media?parent=404"}],"curies":[{"name":"wp","href":"https:\/\/api.w.org\/{rel}","templated":true}]}}